{"id":55,"date":"2019-10-03T10:46:00","date_gmt":"2019-10-03T10:46:00","guid":{"rendered":"http:\/\/heidi-gumbert.de\/?page_id=55"},"modified":"2019-10-13T14:33:05","modified_gmt":"2019-10-13T14:33:05","slug":"pilates","status":"publish","type":"page","link":"http:\/\/heidi-gumbert.de\/?page_id=55","title":{"rendered":"Pilates"},"content":{"rendered":"<p><img decoding=\"async\" loading=\"lazy\" class=\"alignnone size-medium wp-image-37\" src=\"http:\/\/heidi-gumbert.de\/wp-content\/uploads\/2019\/10\/Logo-Heidi-rosa-002-300x93.png\" alt=\"\" width=\"300\" height=\"93\" srcset=\"http:\/\/heidi-gumbert.de\/wp-content\/uploads\/2019\/10\/Logo-Heidi-rosa-002-300x93.png 300w, http:\/\/heidi-gumbert.de\/wp-content\/uploads\/2019\/10\/Logo-Heidi-rosa-002-768x237.png 768w, http:\/\/heidi-gumbert.de\/wp-content\/uploads\/2019\/10\/Logo-Heidi-rosa-002-1024x316.png 1024w\" sizes=\"(max-width: 300px) 100vw, 300px\" \/><\/p>\n<p><span style=\"font-family: arial, helvetica, sans-serif;\"><strong>Ein schonendes Ganzk\u00f6rpertraining<\/strong><\/span><\/p>\n<p>Hinter dem Namen Pilates verbirgt sich ein <strong>schonendes Ganzk\u00f6rpertraining<\/strong>, das \u00fcberwiegend auf dem Boden liegend durchgef\u00fchrt wird. Es werden vor allem die tief liegenden, meist schw\u00e4cheren Muskelgruppen angesprochen. Die Bewegungen werden ruhig, flie\u00dfend, atemrhythmisch und konzentriert durchgef\u00fchrt.<\/p>\n<p>Wichtige Bestandteile dieses Trainings sind das <strong>K\u00f6rpergef\u00fchl<\/strong> zu <strong>sensibilisieren<\/strong>. Zugleich wird die <strong>Haltung verbessert,<\/strong> das <strong>Atemgeschehen optimiert<\/strong>, die verk\u00fcrzte Muskulatur gedehnt, die <strong>Bauch- und R\u00fcckenmuskulatur gekr\u00e4ftigt<\/strong>. Pilates ist ein ausgewogenes Kr\u00e4ftigungsprogramm f\u00fcr den Beckenboden, da seine Muskeln in jede \u00dcbung mit einbezogen werden. Es sind vor allem die rumpfstabilisierenden \u00dcbungen, die dieses Training auszeichnen.<\/p>\n","protected":false},"excerpt":{"rendered":"<p>Ein schonendes Ganzk\u00f6rpertraining Hinter dem Namen Pilates verbirgt sich ein schonendes Ganzk\u00f6rpertraining, das \u00fcberwiegend auf dem Boden liegend durchgef\u00fchrt wird. Es werden vor allem die tief liegenden, meist schw\u00e4cheren Muskelgruppen angesprochen. Die Bewegungen werden ruhig, flie\u00dfend, atemrhythmisch und konzentriert durchgef\u00fchrt. Wichtige Bestandteile dieses Trainings sind das K\u00f6rpergef\u00fchl zu sensibilisieren. Zugleich wird die Haltung verbessert, das &hellip; <\/p>\n<p class=\"link-more\"><a href=\"http:\/\/heidi-gumbert.de\/?page_id=55\" class=\"more-link\"><span class=\"screen-reader-text\">\u201ePilates\u201c<\/span> weiterlesen<\/a><\/p>\n","protected":false},"author":2,"featured_media":0,"parent":0,"menu_order":0,"comment_status":"closed","ping_status":"closed","template":"","meta":[],"_links":{"self":[{"href":"http:\/\/heidi-gumbert.de\/index.php?rest_route=\/wp\/v2\/pages\/55"}],"collection":[{"href":"http:\/\/heidi-gumbert.de\/index.php?rest_route=\/wp\/v2\/pages"}],"about":[{"href":"http:\/\/heidi-gumbert.de\/index.php?rest_route=\/wp\/v2\/types\/page"}],"author":[{"embeddable":true,"href":"http:\/\/heidi-gumbert.de\/index.php?rest_route=\/wp\/v2\/users\/2"}],"replies":[{"embeddable":true,"href":"http:\/\/heidi-gumbert.de\/index.php?rest_route=%2Fwp%2Fv2%2Fcomments&post=55"}],"version-history":[{"count":5,"href":"http:\/\/heidi-gumbert.de\/index.php?rest_route=\/wp\/v2\/pages\/55\/revisions"}],"predecessor-version":[{"id":182,"href":"http:\/\/heidi-gumbert.de\/index.php?rest_route=\/wp\/v2\/pages\/55\/revisions\/182"}],"wp:attachment":[{"href":"http:\/\/heidi-gumbert.de\/index.php?rest_route=%2Fwp%2Fv2%2Fmedia&parent=55"}],"curies":[{"name":"wp","href":"https:\/\/api.w.org\/{rel}","templated":true}]}}